{"id":2,"date":"2017-05-11T15:13:42","date_gmt":"2017-05-11T15:13:42","guid":{"rendered":"http:\/\/gamerscamp.space\/?page_id=2"},"modified":"2017-05-11T15:13:42","modified_gmt":"2017-05-11T15:13:42","slug":"staff","status":"publish","type":"page","link":"https:\/\/lacolmena.link\/gamerscamp\/staff\/","title":{"rendered":"Manifiesto\/Staff"},"content":{"rendered":"<h3>Manifiesto<\/h3>\n<p>\u00abNuestro objetivo actual -de todo el staff de GamersCamp- es crear un medio en el que la cabeza sea el sentido com\u00fan, donde el liderazgo se manifieste en el trabajo en equipo y donde la fortaleza se encuentre en la amistad, y no en quedar bien o mal con una distribuidora porque no le agrad\u00f3 una rese\u00f1a o porque se cometi\u00f3 un error y, como en la corte de la reina de corazones, deban rodar cabezas. No, no creo en ese sistema maniqueo en donde un tropiezo implica extirparte del mismo, como si fueras un tumor. Antes que nada, GamersCamp le dar\u00e1 prioridad al enfoque humano.<\/p>\n<blockquote><p>No somos m\u00e1quinas y debemos admitir nuestra naturaleza para ser capaces de mejorar.\u00bb<\/p><\/blockquote>\n<p style=\"padding-left: 160px\"><strong>ATENTAMENTE<\/strong><\/p>\n<p style=\"padding-left: 160px\">Jos\u00e9 Luis Cruz Garc\u00eda AKA <em>El abuelo Kraken<\/em><br \/>\n<strong>FUNDADOR\/EDITOR EJECUTIVO<\/strong><br \/>\n<a href=\"https:\/\/twitter.com\/elabuelokraken\">@elabuelokraken<\/a><\/p>\n<h3>Staff<\/h3>\n<p>Si tienes dudas sobre nosotros o personas que pudieron haber colaborado antes en el proyecto, con gusto intentaremos dar respuesta a ellas en el correo <a href=\"mailto:exedit@gamerscamp.space\">exedit@gamerscamp.space<\/a>.<\/p>\n<p style=\"padding-left: 160px\">Juan Carlos Barbosa Padilla AKA <em>Travsam<\/em><br \/>\n<strong>EDITOR SENIOR<br \/>\n<\/strong><a href=\"https:\/\/twitter.com\/travsam\" data-rich-text-format-boundary=\"true\">@travsam<\/a><\/p>\n<p style=\"padding-left: 160px\">Victoria Galindo AKA <em>Tori<\/em><br \/>\n<strong>EDITOR JUNIOR<br \/>\n<\/strong><a href=\"https:\/\/twitter.com\/vicky200240\">@vicky200240<\/a><\/p>\n<p style=\"padding-left: 160px\">\u00c1ngel Vel\u00e1zquez AKA <em>Dr. Bardock<\/em><br \/>\n<strong>EDITOR JUNIOR<\/strong><br \/>\n<a href=\"https:\/\/twitter.com\/7solid7snake7\">@7solid7snake7<\/a><\/p>\n<p style=\"padding-left: 160px\">Marco A. Rosas<br \/>\n<strong>REDES SOCIALES<br \/>\n<\/strong><a href=\"https:\/\/twitter.com\/submarco_76\">@submarco_76<\/a><\/p>\n<p style=\"padding-left: 160px\">Emmanuel Rodr\u00edguez AKA <em>Gold Lion<\/em><br \/>\n<strong>COLABORADOR<\/strong><br \/>\n<a href=\"https:\/\/twitter.com\/_ZOMBIEE\">@_ZOMBIEE<\/a><\/p>\n","protected":false},"excerpt":{"rendered":"<p>Manifiesto \u00abNuestro objetivo actual -de todo el staff de GamersCamp- es crear un medio en el que la cabeza sea el sentido com\u00fan, donde el liderazgo se manifieste en el trabajo en equipo y donde la fortaleza se encuentre en la amistad, y no en quedar bien o mal con una distribuidora porque no le [&hellip;]<\/p>\n","protected":false},"author":1,"featured_media":0,"parent":0,"menu_order":0,"comment_status":"closed","ping_status":"open","template":"","meta":{"footnotes":""},"class_list":["post-2","page","type-page","status-publish","hentry"],"yoast_head":"<!-- This site is optimized with the Yoast SEO plugin v27.4 - https:\/\/yoast.com\/product\/yoast-seo-wordpress\/ -->\n<title>Manifiesto\/Staff - GAMERSCAMP<\/title>\n<meta name=\"robots\" content=\"index, follow, max-snippet:-1, max-image-preview:large, max-video-preview:-1\" \/>\n<link rel=\"canonical\" href=\"https:\/\/lacolmena.link\/gamerscamp\/staff\/\" \/>\n<meta property=\"og:locale\" content=\"es_ES\" \/>\n<meta property=\"og:type\" content=\"article\" \/>\n<meta property=\"og:title\" content=\"Manifiesto\/Staff - GAMERSCAMP\" \/>\n<meta property=\"og:description\" content=\"Manifiesto \u00abNuestro objetivo actual -de todo el staff de GamersCamp- es crear un medio en el que la cabeza sea el sentido com\u00fan, donde el liderazgo se manifieste en el trabajo en equipo y donde la fortaleza se encuentre en la amistad, y no en quedar bien o mal con una distribuidora porque no le [&hellip;]\" \/>\n<meta property=\"og:url\" content=\"https:\/\/lacolmena.link\/gamerscamp\/staff\/\" \/>\n<meta property=\"og:site_name\" content=\"GAMERSCAMP\" \/>\n<meta name=\"twitter:card\" content=\"summary_large_image\" \/>\n<meta name=\"twitter:label1\" content=\"Tiempo de lectura\" \/>\n\t<meta name=\"twitter:data1\" content=\"1 minuto\" \/>\n<script type=\"application\/ld+json\" class=\"yoast-schema-graph\">{\"@context\":\"https:\\\/\\\/schema.org\",\"@graph\":[{\"@type\":\"WebPage\",\"@id\":\"https:\\\/\\\/lacolmena.link\\\/gamerscamp\\\/staff\\\/\",\"url\":\"https:\\\/\\\/lacolmena.link\\\/gamerscamp\\\/staff\\\/\",\"name\":\"Manifiesto\\\/Staff - GAMERSCAMP\",\"isPartOf\":{\"@id\":\"https:\\\/\\\/lacolmena.link\\\/gamerscamp\\\/#website\"},\"datePublished\":\"2017-05-11T15:13:42+00:00\",\"breadcrumb\":{\"@id\":\"https:\\\/\\\/lacolmena.link\\\/gamerscamp\\\/staff\\\/#breadcrumb\"},\"inLanguage\":\"es\",\"potentialAction\":[{\"@type\":\"ReadAction\",\"target\":[\"https:\\\/\\\/lacolmena.link\\\/gamerscamp\\\/staff\\\/\"]}]},{\"@type\":\"BreadcrumbList\",\"@id\":\"https:\\\/\\\/lacolmena.link\\\/gamerscamp\\\/staff\\\/#breadcrumb\",\"itemListElement\":[{\"@type\":\"ListItem\",\"position\":1,\"name\":\"Portada\",\"item\":\"https:\\\/\\\/lacolmena.link\\\/gamerscamp\\\/\"},{\"@type\":\"ListItem\",\"position\":2,\"name\":\"Manifiesto\\\/Staff\"}]},{\"@type\":\"WebSite\",\"@id\":\"https:\\\/\\\/lacolmena.link\\\/gamerscamp\\\/#website\",\"url\":\"https:\\\/\\\/lacolmena.link\\\/gamerscamp\\\/\",\"name\":\"GAMERSCAMP\",\"description\":\"Archivo muerto (s\u00f3lo consulta) | Otro sitio m\u00e1s de LaColmena.link\",\"potentialAction\":[{\"@type\":\"SearchAction\",\"target\":{\"@type\":\"EntryPoint\",\"urlTemplate\":\"https:\\\/\\\/lacolmena.link\\\/gamerscamp\\\/?s={search_term_string}\"},\"query-input\":{\"@type\":\"PropertyValueSpecification\",\"valueRequired\":true,\"valueName\":\"search_term_string\"}}],\"inLanguage\":\"es\"}]}<\/script>\n<!-- \/ Yoast SEO plugin. -->","yoast_head_json":{"title":"Manifiesto\/Staff - GAMERSCAMP","robots":{"index":"index","follow":"follow","max-snippet":"max-snippet:-1","max-image-preview":"max-image-preview:large","max-video-preview":"max-video-preview:-1"},"canonical":"https:\/\/lacolmena.link\/gamerscamp\/staff\/","og_locale":"es_ES","og_type":"article","og_title":"Manifiesto\/Staff - GAMERSCAMP","og_description":"Manifiesto \u00abNuestro objetivo actual -de todo el staff de GamersCamp- es crear un medio en el que la cabeza sea el sentido com\u00fan, donde el liderazgo se manifieste en el trabajo en equipo y donde la fortaleza se encuentre en la amistad, y no en quedar bien o mal con una distribuidora porque no le [&hellip;]","og_url":"https:\/\/lacolmena.link\/gamerscamp\/staff\/","og_site_name":"GAMERSCAMP","twitter_card":"summary_large_image","twitter_misc":{"Tiempo de lectura":"1 minuto"},"schema":{"@context":"https:\/\/schema.org","@graph":[{"@type":"WebPage","@id":"https:\/\/lacolmena.link\/gamerscamp\/staff\/","url":"https:\/\/lacolmena.link\/gamerscamp\/staff\/","name":"Manifiesto\/Staff - GAMERSCAMP","isPartOf":{"@id":"https:\/\/lacolmena.link\/gamerscamp\/#website"},"datePublished":"2017-05-11T15:13:42+00:00","breadcrumb":{"@id":"https:\/\/lacolmena.link\/gamerscamp\/staff\/#breadcrumb"},"inLanguage":"es","potentialAction":[{"@type":"ReadAction","target":["https:\/\/lacolmena.link\/gamerscamp\/staff\/"]}]},{"@type":"BreadcrumbList","@id":"https:\/\/lacolmena.link\/gamerscamp\/staff\/#breadcrumb","itemListElement":[{"@type":"ListItem","position":1,"name":"Portada","item":"https:\/\/lacolmena.link\/gamerscamp\/"},{"@type":"ListItem","position":2,"name":"Manifiesto\/Staff"}]},{"@type":"WebSite","@id":"https:\/\/lacolmena.link\/gamerscamp\/#website","url":"https:\/\/lacolmena.link\/gamerscamp\/","name":"GAMERSCAMP","description":"Archivo muerto (s\u00f3lo consulta) | Otro sitio m\u00e1s de LaColmena.link","potentialAction":[{"@type":"SearchAction","target":{"@type":"EntryPoint","urlTemplate":"https:\/\/lacolmena.link\/gamerscamp\/?s={search_term_string}"},"query-input":{"@type":"PropertyValueSpecification","valueRequired":true,"valueName":"search_term_string"}}],"inLanguage":"es"}]}},"_links":{"self":[{"href":"https:\/\/lacolmena.link\/gamerscamp\/wp-json\/wp\/v2\/pages\/2","targetHints":{"allow":["GET"]}}],"collection":[{"href":"https:\/\/lacolmena.link\/gamerscamp\/wp-json\/wp\/v2\/pages"}],"about":[{"href":"https:\/\/lacolmena.link\/gamerscamp\/wp-json\/wp\/v2\/types\/page"}],"author":[{"embeddable":true,"href":"https:\/\/lacolmena.link\/gamerscamp\/wp-json\/wp\/v2\/users\/1"}],"replies":[{"embeddable":true,"href":"https:\/\/lacolmena.link\/gamerscamp\/wp-json\/wp\/v2\/comments?post=2"}],"version-history":[{"count":0,"href":"https:\/\/lacolmena.link\/gamerscamp\/wp-json\/wp\/v2\/pages\/2\/revisions"}],"wp:attachment":[{"href":"https:\/\/lacolmena.link\/gamerscamp\/wp-json\/wp\/v2\/media?parent=2"}],"curies":[{"name":"wp","href":"https:\/\/api.w.org\/{rel}","templated":true}]}}